{"id":254,"date":"2023-07-06T23:58:55","date_gmt":"2023-07-06T21:58:55","guid":{"rendered":"http:\/\/chateng.cluster031.hosting.ovh.net\/?page_id=254"},"modified":"2023-07-07T00:00:49","modified_gmt":"2023-07-06T22:00:49","slug":"bienvenue-a-bresse-sur-grosne","status":"publish","type":"page","link":"https:\/\/chateaudebresse.fr\/","title":{"rendered":"Bienvenue \u00e0 Bresse-sur-Grosne"},"content":{"rendered":"\n<p>Depuis 2002 nous vous accueillons toute l&rsquo;ann\u00e9e dans nos chambres d&rsquo;h\u00f4tes. Nous avons cr\u00e9\u00e9 ce projet avec Beno\u00eet, mon mari, qui a mis tout son coeur, toute son \u00e2me, ses mains, son \u00e9nergie&#8230; pour faire vivre cette demeure familiale confi\u00e9e par ses anc\u00eatres le temps d&rsquo;une vie bien trop courte. Beno\u00eet nous a quitt\u00e9 brutalement le 26 ao\u00fbt 2012, me laissant seule avec notre jeune fille, Jeanne, pour laquelle je continue notre accueil afin que vous puissiez partager ce beau projet avec nous.<\/p>\n\n\n\n<p>La vie m&rsquo;a donn\u00e9 de rencontrer J\u00e9r\u00f4me avec qui je me suis mari\u00e9e en 2015. Ensemble, nous continuons de vous accueillir dans ce ch\u00e2teau durant toute l&rsquo;ann\u00e9e.<\/p>\n\n\n\n<p>Venez s\u00e9journer au ch\u00e2teau de Bresse et profiter du calme des lieux dans un parc qui entoure ces \u00e9difices charg\u00e9s d&rsquo;histoire, dans une r\u00e9gion riche en activit\u00e9s et en d\u00e9couvertes.<\/p>\n\n\n\n<figure class=\"wp-block-image size-large\"><img loading=\"lazy\" decoding=\"async\" width=\"828\" height=\"621\" src=\"http:\/\/chateng.cluster031.hosting.ovh.net\/wp-content\/uploads\/2023\/07\/3B1942A5-36F2-4087-A280-BF2C0D3B3D86-edited.jpg\" alt=\"\" class=\"wp-image-258\" srcset=\"https:\/\/chateaudebresse.fr\/wp-content\/uploads\/2023\/07\/3B1942A5-36F2-4087-A280-BF2C0D3B3D86-edited.jpg 828w, https:\/\/chateaudebresse.fr\/wp-content\/uploads\/2023\/07\/3B1942A5-36F2-4087-A280-BF2C0D3B3D86-edited-300x225.jpg 300w, https:\/\/chateaudebresse.fr\/wp-content\/uploads\/2023\/07\/3B1942A5-36F2-4087-A280-BF2C0D3B3D86-edited-768x576.jpg 768w\" sizes=\"auto, (max-width: 706px) 89vw, (max-width: 767px) 82vw, 740px\" \/><\/figure>\n","protected":false},"excerpt":{"rendered":"<p>Depuis 2002 nous vous accueillons toute l&rsquo;ann\u00e9e dans nos chambres d&rsquo;h\u00f4tes. Nous avons cr\u00e9\u00e9 ce projet avec Beno\u00eet, mon mari, qui a mis tout son coeur, toute son \u00e2me, ses mains, son \u00e9nergie&#8230; pour faire vivre cette demeure familiale confi\u00e9e par ses anc\u00eatres le temps d&rsquo;une vie bien trop courte. Beno\u00eet nous a quitt\u00e9 brutalement &hellip; <\/p>\n<p class=\"link-more\"><a href=\"https:\/\/chateaudebresse.fr\/\" class=\"more-link\">Continuer la lecture<span class=\"screen-reader-text\"> de &laquo;&nbsp;Bienvenue \u00e0 Bresse-sur-Grosne&nbsp;&raquo;<\/span><\/a><\/p>\n","protected":false},"author":1,"featured_media":255,"parent":0,"menu_order":0,"comment_status":"closed","ping_status":"closed","template":"","meta":{"footnotes":""},"class_list":["post-254","page","type-page","status-publish","has-post-thumbnail","hentry"],"_links":{"self":[{"href":"https:\/\/chateaudebresse.fr\/index.php\/wp-json\/wp\/v2\/pages\/254","targetHints":{"allow":["GET"]}}],"collection":[{"href":"https:\/\/chateaudebresse.fr\/index.php\/wp-json\/wp\/v2\/pages"}],"about":[{"href":"https:\/\/chateaudebresse.fr\/index.php\/wp-json\/wp\/v2\/types\/page"}],"author":[{"embeddable":true,"href":"https:\/\/chateaudebresse.fr\/index.php\/wp-json\/wp\/v2\/users\/1"}],"replies":[{"embeddable":true,"href":"https:\/\/chateaudebresse.fr\/index.php\/wp-json\/wp\/v2\/comments?post=254"}],"version-history":[{"count":2,"href":"https:\/\/chateaudebresse.fr\/index.php\/wp-json\/wp\/v2\/pages\/254\/revisions"}],"predecessor-version":[{"id":259,"href":"https:\/\/chateaudebresse.fr\/index.php\/wp-json\/wp\/v2\/pages\/254\/revisions\/259"}],"wp:featuredmedia":[{"embeddable":true,"href":"https:\/\/chateaudebresse.fr\/index.php\/wp-json\/wp\/v2\/media\/255"}],"wp:attachment":[{"href":"https:\/\/chateaudebresse.fr\/index.php\/wp-json\/wp\/v2\/media?parent=254"}],"curies":[{"name":"wp","href":"https:\/\/api.w.org\/{rel}","templated":true}]}}