{"id":42,"date":"2023-05-16T00:34:32","date_gmt":"2023-05-15T22:34:32","guid":{"rendered":"http:\/\/chateng.cluster031.hosting.ovh.net\/?page_id=42"},"modified":"2025-01-30T23:25:28","modified_gmt":"2025-01-30T22:25:28","slug":"association","status":"publish","type":"page","link":"https:\/\/chateaudebresse.fr\/index.php\/association\/","title":{"rendered":"Association"},"content":{"rendered":"\n<p>Depuis 2020, l&rsquo;association des amis du Ch\u00e2teau Patrimoine de Bresse-sur-Grosne se sont engag\u00e9s s&rsquo;engage en vue de la r\u00e9novation de la chapelle du ch\u00e2teau. <\/p>\n\n\n\n<h2 class=\"wp-block-heading\">La chapelle du domaine<\/h2>\n\n\n\n<p>En 1263, Guillaume de Bresse fonde l&rsquo;\u00e9glise paroissiale de Bresse-sur- Grosne. Cette \u00e9glise, situ\u00e9e devant le ch\u00e2teau, \u00e9tant devenue insuffisante, elle a \u00e9t\u00e9 acquise au XIXe si\u00e8cle par le Comte de Murard, lequel n&rsquo;en a conserv\u00e9 que le ch\u0153ur et son gracieux clocher roman, et y a ajout\u00e9 un portail dans le style de la m\u00eame \u00e9poque<\/p>\n\n\n\n<p>Il a en \u00e9change dot\u00e9 le village d&rsquo;une vaste \u00e9glise paroissiale et d&rsquo;un presbyt\u00e8re. Ce qui en subsiste se compose de la croix du transept, surmont\u00e9e d&rsquo;une tour- clocher \u00e0 deux niveaux sur coupoles \u00e0 trompes (cette tour est perc\u00e9e de baies<br>g\u00e9min\u00e9es en plein cintre et orn\u00e9e de l\u00e9s\u00e8nes et arcatures), des deux bras du<br>transept, et d&rsquo;une trav\u00e9e de ch\u0153ur vout\u00e9e d&rsquo;ogives. Les vitraux (r\u00e9alis\u00e9s par<br>Didron) ont \u00e9t\u00e9 rapport\u00e9s au XIXe si\u00e8cle ainsi que le porche et l&rsquo;abside semi- circulaire. Le toit est alors recouvert en tuiles verniss\u00e9es.<br>Les d\u00e9cors int\u00e9rieurs sont r\u00e9alis\u00e9s au XIXe par l&rsquo;entreprise Bussi\u00e8re et Constant, dont l&rsquo;ouvrier Jean-Baptiste Beuchot peignit la coupole de l&rsquo;abside.<\/p>\n\n\n\n<figure class=\"wp-block-image size-full\"><img loading=\"lazy\" decoding=\"async\" width=\"1024\" height=\"768\" src=\"https:\/\/chateaudebresse.fr\/wp-content\/uploads\/2023\/07\/IMG_9260.jpg\" alt=\"\" class=\"wp-image-230\" srcset=\"https:\/\/chateaudebresse.fr\/wp-content\/uploads\/2023\/07\/IMG_9260.jpg 1024w, https:\/\/chateaudebresse.fr\/wp-content\/uploads\/2023\/07\/IMG_9260-300x225.jpg 300w, https:\/\/chateaudebresse.fr\/wp-content\/uploads\/2023\/07\/IMG_9260-768x576.jpg 768w\" sizes=\"auto, (max-width: 706px) 89vw, (max-width: 767px) 82vw, 740px\" \/><\/figure>\n\n\n\n<p>Malheureusement, la chapelle n&rsquo;\u00e9chappe pas aux ravages du temps et des intemp\u00e9ries. Son \u00e9tat se d\u00e9grade de jour en jour, mettant en p\u00e9ril aussi bien les fresques int\u00e9rieures que son architecture ext\u00e9rieure. Les toitures sont dans un \u00e9tat de d\u00e9gradation largement avanc\u00e9 et repr\u00e9sentent un r\u00e9el danger. Les infiltrations d&rsquo;eau sont nombreuses et d\u00e9t\u00e9riorent la charpente et les ma\u00e7onneries. Un diagnostic approfondi de l&rsquo;\u00e9difice a \u00e9t\u00e9 r\u00e9alis\u00e9 d\u00e9but 2023 par H\u00e9l\u00e8ne Rebillard, architecte. Un phasage des travaux est n\u00e9cessaire, compte tenu des urgences. L&rsquo;association a donc choisi de commencer par la restauration de la fl\u00e8che, du clocher et du porche. Nous envisageons \u00e9galement l&rsquo;installation d&rsquo;une protection sur le reste de la toiture. Une demande d&rsquo;autorisation de travaux sera prochainement d\u00e9pos\u00e9e avec l&rsquo;aide de l&rsquo;architecte.<\/p>\n\n\n\n<h2 class=\"wp-block-heading\">Le spectacle <\/h2>\n\n\n\n<p>Depuis 2021, l&rsquo;association se donne comme moyens de collecte de fond la cr\u00e9ation, l&rsquo;organisation et la r\u00e9alisation d&rsquo;un grand spectacle th\u00e9\u00e2tral et musical avec des b\u00e9n\u00e9voles de la r\u00e9gion et d&rsquo;ailleurs. Chaque ann\u00e9e un nouveau spectacle est cr\u00e9\u00e9 avec petits et grands afin d&rsquo;offrir un peu de merveilleux aux spectateurs d&rsquo;un soir. <\/p>\n\n\n\n<figure class=\"wp-block-gallery has-nested-images columns-default is-cropped wp-block-gallery-1 is-layout-flex wp-block-gallery-is-layout-flex\">\n<figure class=\"wp-block-image size-large\"><img loading=\"lazy\" decoding=\"async\" width=\"1024\" height=\"684\" data-id=\"361\" src=\"https:\/\/chateaudebresse.fr\/wp-content\/uploads\/2025\/01\/DSC_3257-1024x684.jpg\" alt=\"\" class=\"wp-image-361\" srcset=\"https:\/\/chateaudebresse.fr\/wp-content\/uploads\/2025\/01\/DSC_3257-1024x684.jpg 1024w, https:\/\/chateaudebresse.fr\/wp-content\/uploads\/2025\/01\/DSC_3257-300x200.jpg 300w, https:\/\/chateaudebresse.fr\/wp-content\/uploads\/2025\/01\/DSC_3257-768x513.jpg 768w, https:\/\/chateaudebresse.fr\/wp-content\/uploads\/2025\/01\/DSC_3257-1536x1025.jpg 1536w, https:\/\/chateaudebresse.fr\/wp-content\/uploads\/2025\/01\/DSC_3257-2048x1367.jpg 2048w, https:\/\/chateaudebresse.fr\/wp-content\/uploads\/2025\/01\/DSC_3257-1320x881.jpg 1320w\" sizes=\"auto, (max-width: 706px) 89vw, (max-width: 767px) 82vw, 740px\" \/><\/figure>\n\n\n\n<figure class=\"wp-block-image size-large\"><img loading=\"lazy\" decoding=\"async\" width=\"1024\" height=\"684\" data-id=\"362\" src=\"https:\/\/chateaudebresse.fr\/wp-content\/uploads\/2025\/01\/DSC_3096-1024x684.jpg\" alt=\"\" class=\"wp-image-362\" srcset=\"https:\/\/chateaudebresse.fr\/wp-content\/uploads\/2025\/01\/DSC_3096-1024x684.jpg 1024w, https:\/\/chateaudebresse.fr\/wp-content\/uploads\/2025\/01\/DSC_3096-300x200.jpg 300w, https:\/\/chateaudebresse.fr\/wp-content\/uploads\/2025\/01\/DSC_3096-768x513.jpg 768w, https:\/\/chateaudebresse.fr\/wp-content\/uploads\/2025\/01\/DSC_3096-1536x1025.jpg 1536w, https:\/\/chateaudebresse.fr\/wp-content\/uploads\/2025\/01\/DSC_3096-2048x1367.jpg 2048w, https:\/\/chateaudebresse.fr\/wp-content\/uploads\/2025\/01\/DSC_3096-1320x881.jpg 1320w\" sizes=\"auto, (max-width: 706px) 89vw, (max-width: 767px) 82vw, 740px\" \/><\/figure>\n\n\n\n<figure class=\"wp-block-image size-large\"><img loading=\"lazy\" decoding=\"async\" width=\"1024\" height=\"684\" data-id=\"363\" src=\"https:\/\/chateaudebresse.fr\/wp-content\/uploads\/2025\/01\/DSC_3243-1024x684.jpg\" alt=\"\" class=\"wp-image-363\" srcset=\"https:\/\/chateaudebresse.fr\/wp-content\/uploads\/2025\/01\/DSC_3243-1024x684.jpg 1024w, https:\/\/chateaudebresse.fr\/wp-content\/uploads\/2025\/01\/DSC_3243-300x200.jpg 300w, https:\/\/chateaudebresse.fr\/wp-content\/uploads\/2025\/01\/DSC_3243-768x513.jpg 768w, https:\/\/chateaudebresse.fr\/wp-content\/uploads\/2025\/01\/DSC_3243-1536x1025.jpg 1536w, https:\/\/chateaudebresse.fr\/wp-content\/uploads\/2025\/01\/DSC_3243-2048x1367.jpg 2048w, https:\/\/chateaudebresse.fr\/wp-content\/uploads\/2025\/01\/DSC_3243-1320x881.jpg 1320w\" sizes=\"auto, (max-width: 706px) 89vw, (max-width: 767px) 82vw, 740px\" \/><\/figure>\n\n\n\n<figure class=\"wp-block-image size-large\"><img loading=\"lazy\" decoding=\"async\" width=\"1024\" height=\"684\" data-id=\"366\" src=\"https:\/\/chateaudebresse.fr\/wp-content\/uploads\/2025\/01\/DSC_3502-1024x684.jpg\" alt=\"\" class=\"wp-image-366\" srcset=\"https:\/\/chateaudebresse.fr\/wp-content\/uploads\/2025\/01\/DSC_3502-1024x684.jpg 1024w, https:\/\/chateaudebresse.fr\/wp-content\/uploads\/2025\/01\/DSC_3502-300x200.jpg 300w, https:\/\/chateaudebresse.fr\/wp-content\/uploads\/2025\/01\/DSC_3502-768x513.jpg 768w, https:\/\/chateaudebresse.fr\/wp-content\/uploads\/2025\/01\/DSC_3502-1536x1025.jpg 1536w, https:\/\/chateaudebresse.fr\/wp-content\/uploads\/2025\/01\/DSC_3502-2048x1367.jpg 2048w, https:\/\/chateaudebresse.fr\/wp-content\/uploads\/2025\/01\/DSC_3502-1320x881.jpg 1320w\" sizes=\"auto, (max-width: 706px) 89vw, (max-width: 767px) 82vw, 740px\" \/><\/figure>\n\n\n\n<figure class=\"wp-block-image size-large\"><img loading=\"lazy\" decoding=\"async\" width=\"1024\" height=\"684\" data-id=\"365\" src=\"https:\/\/chateaudebresse.fr\/wp-content\/uploads\/2025\/01\/DSC_3080-1024x684.jpg\" alt=\"\" class=\"wp-image-365\" srcset=\"https:\/\/chateaudebresse.fr\/wp-content\/uploads\/2025\/01\/DSC_3080-1024x684.jpg 1024w, https:\/\/chateaudebresse.fr\/wp-content\/uploads\/2025\/01\/DSC_3080-300x200.jpg 300w, https:\/\/chateaudebresse.fr\/wp-content\/uploads\/2025\/01\/DSC_3080-768x513.jpg 768w, https:\/\/chateaudebresse.fr\/wp-content\/uploads\/2025\/01\/DSC_3080-1536x1025.jpg 1536w, https:\/\/chateaudebresse.fr\/wp-content\/uploads\/2025\/01\/DSC_3080-2048x1367.jpg 2048w, https:\/\/chateaudebresse.fr\/wp-content\/uploads\/2025\/01\/DSC_3080-1320x881.jpg 1320w\" sizes=\"auto, (max-width: 706px) 89vw, (max-width: 767px) 82vw, 740px\" \/><\/figure>\n\n\n\n<figure class=\"wp-block-image size-large\"><img loading=\"lazy\" decoding=\"async\" width=\"1024\" height=\"684\" data-id=\"368\" src=\"https:\/\/chateaudebresse.fr\/wp-content\/uploads\/2025\/01\/DSC_3806-1024x684.jpg\" alt=\"\" class=\"wp-image-368\" srcset=\"https:\/\/chateaudebresse.fr\/wp-content\/uploads\/2025\/01\/DSC_3806-1024x684.jpg 1024w, https:\/\/chateaudebresse.fr\/wp-content\/uploads\/2025\/01\/DSC_3806-300x200.jpg 300w, https:\/\/chateaudebresse.fr\/wp-content\/uploads\/2025\/01\/DSC_3806-768x513.jpg 768w, https:\/\/chateaudebresse.fr\/wp-content\/uploads\/2025\/01\/DSC_3806-1536x1025.jpg 1536w, https:\/\/chateaudebresse.fr\/wp-content\/uploads\/2025\/01\/DSC_3806-2048x1367.jpg 2048w, https:\/\/chateaudebresse.fr\/wp-content\/uploads\/2025\/01\/DSC_3806-1320x881.jpg 1320w\" sizes=\"auto, (max-width: 706px) 89vw, (max-width: 767px) 82vw, 740px\" \/><\/figure>\n\n\n\n<figure class=\"wp-block-image size-large\"><img loading=\"lazy\" decoding=\"async\" width=\"1024\" height=\"684\" data-id=\"369\" src=\"https:\/\/chateaudebresse.fr\/wp-content\/uploads\/2025\/01\/DSC_3112-1024x684.jpg\" alt=\"\" class=\"wp-image-369\" srcset=\"https:\/\/chateaudebresse.fr\/wp-content\/uploads\/2025\/01\/DSC_3112-1024x684.jpg 1024w, https:\/\/chateaudebresse.fr\/wp-content\/uploads\/2025\/01\/DSC_3112-300x200.jpg 300w, https:\/\/chateaudebresse.fr\/wp-content\/uploads\/2025\/01\/DSC_3112-768x513.jpg 768w, https:\/\/chateaudebresse.fr\/wp-content\/uploads\/2025\/01\/DSC_3112-1536x1025.jpg 1536w, https:\/\/chateaudebresse.fr\/wp-content\/uploads\/2025\/01\/DSC_3112-2048x1367.jpg 2048w, https:\/\/chateaudebresse.fr\/wp-content\/uploads\/2025\/01\/DSC_3112-1320x881.jpg 1320w\" sizes=\"auto, (max-width: 706px) 89vw, (max-width: 767px) 82vw, 740px\" \/><\/figure>\n\n\n\n\n<\/figure>\n\n\n\n<p>2021 : <em>Au temps en emporte les si\u00e8cles<\/em><br>2022 : <em>Monsieur de LAMARTINE vient ce soir<\/em><br>2023 : <em>Une Belle \u00c9poque<\/em><br>2024 : <em>Les amants de la lib\u00e9ration<\/em><br>2025 : &#8230;<\/p>\n\n\n\n<p>Cette ann\u00e9e nous cherchons pr\u00e8s de 150 b\u00e9n\u00e9voles pour jouer, danser, chanter, organiser, servir, communiquer, et bien d&rsquo;autres choses. <\/p>\n\n\n\n<p>Vous aussi venez participer \u00e0 cette merveilleuse aventure humaine les 15-16 et 17 Ao\u00fbt 2025.<\/p>\n","protected":false},"excerpt":{"rendered":"<p>Depuis 2020, l&rsquo;association des amis du Ch\u00e2teau Patrimoine de Bresse-sur-Grosne se sont engag\u00e9s s&rsquo;engage en vue de la r\u00e9novation de la chapelle du ch\u00e2teau. La chapelle du domaine En 1263, Guillaume de Bresse fonde l&rsquo;\u00e9glise paroissiale de Bresse-sur- Grosne. Cette \u00e9glise, situ\u00e9e devant le ch\u00e2teau, \u00e9tant devenue insuffisante, elle a \u00e9t\u00e9 acquise au XIXe si\u00e8cle &hellip; <\/p>\n<p class=\"link-more\"><a href=\"https:\/\/chateaudebresse.fr\/index.php\/association\/\" class=\"more-link\">Continuer la lecture<span class=\"screen-reader-text\"> de &laquo;&nbsp;Association&nbsp;&raquo;<\/span><\/a><\/p>\n","protected":false},"author":1,"featured_media":0,"parent":0,"menu_order":0,"comment_status":"closed","ping_status":"closed","template":"","meta":{"footnotes":""},"class_list":["post-42","page","type-page","status-publish","hentry"],"_links":{"self":[{"href":"https:\/\/chateaudebresse.fr\/index.php\/wp-json\/wp\/v2\/pages\/42","targetHints":{"allow":["GET"]}}],"collection":[{"href":"https:\/\/chateaudebresse.fr\/index.php\/wp-json\/wp\/v2\/pages"}],"about":[{"href":"https:\/\/chateaudebresse.fr\/index.php\/wp-json\/wp\/v2\/types\/page"}],"author":[{"embeddable":true,"href":"https:\/\/chateaudebresse.fr\/index.php\/wp-json\/wp\/v2\/users\/1"}],"replies":[{"embeddable":true,"href":"https:\/\/chateaudebresse.fr\/index.php\/wp-json\/wp\/v2\/comments?post=42"}],"version-history":[{"count":3,"href":"https:\/\/chateaudebresse.fr\/index.php\/wp-json\/wp\/v2\/pages\/42\/revisions"}],"predecessor-version":[{"id":372,"href":"https:\/\/chateaudebresse.fr\/index.php\/wp-json\/wp\/v2\/pages\/42\/revisions\/372"}],"wp:attachment":[{"href":"https:\/\/chateaudebresse.fr\/index.php\/wp-json\/wp\/v2\/media?parent=42"}],"curies":[{"name":"wp","href":"https:\/\/api.w.org\/{rel}","templated":true}]}}