{"id":60,"date":"2023-06-02T15:27:18","date_gmt":"2023-06-02T13:27:18","guid":{"rendered":"http:\/\/chateng.cluster031.hosting.ovh.net\/?page_id=60"},"modified":"2024-04-17T19:07:38","modified_gmt":"2024-04-17T17:07:38","slug":"chambres-dhotes","status":"publish","type":"page","link":"https:\/\/chateaudebresse.fr\/index.php\/chambres-dhotes\/","title":{"rendered":"Chambres d&rsquo;h\u00f4tes"},"content":{"rendered":"\n<h2 class=\"wp-block-heading\"><strong>Chambre de la chapelle<\/strong><\/h2>\n\n\n\n<p>Grande chambre avec deux lits dans une alc\u00f4ve (lit de 2 m), Vue sur la chapelle du ch\u00e2teau.<br>Salle d\u2019eau avec douche \/ Sanitaires s\u00e9par\u00e9s.<\/p>\n\n\n\n<div class=\"wp-block-group is-vertical is-layout-flex wp-container-core-group-is-layout-8cf370e7 wp-block-group-is-layout-flex\">\n<figure class=\"wp-block-gallery has-nested-images columns-default is-cropped wp-block-gallery-1 is-layout-flex wp-block-gallery-is-layout-flex\">\n<figure class=\"wp-block-image size-large\"><img loading=\"lazy\" decoding=\"async\" width=\"1024\" height=\"683\" data-id=\"310\" src=\"https:\/\/chateaudebresse.fr\/wp-content\/uploads\/2024\/04\/IMG_0234-1024x683.jpg\" alt=\"Chambre Chapelle\" class=\"wp-image-310\" srcset=\"https:\/\/chateaudebresse.fr\/wp-content\/uploads\/2024\/04\/IMG_0234-1024x683.jpg 1024w, https:\/\/chateaudebresse.fr\/wp-content\/uploads\/2024\/04\/IMG_0234-300x200.jpg 300w, https:\/\/chateaudebresse.fr\/wp-content\/uploads\/2024\/04\/IMG_0234-768x512.jpg 768w, https:\/\/chateaudebresse.fr\/wp-content\/uploads\/2024\/04\/IMG_0234-1536x1024.jpg 1536w, https:\/\/chateaudebresse.fr\/wp-content\/uploads\/2024\/04\/IMG_0234-2048x1365.jpg 2048w\" sizes=\"auto, (max-width: 706px) 89vw, (max-width: 767px) 82vw, 740px\" \/><figcaption class=\"wp-element-caption\">Chambre Chapelle<\/figcaption><\/figure>\n\n\n\n<figure class=\"wp-block-image size-large\"><img loading=\"lazy\" decoding=\"async\" width=\"1024\" height=\"683\" data-id=\"311\" src=\"https:\/\/chateaudebresse.fr\/wp-content\/uploads\/2024\/04\/IMG_0235-1024x683.jpg\" alt=\"Chambre Chapelle\" class=\"wp-image-311\" srcset=\"https:\/\/chateaudebresse.fr\/wp-content\/uploads\/2024\/04\/IMG_0235-1024x683.jpg 1024w, https:\/\/chateaudebresse.fr\/wp-content\/uploads\/2024\/04\/IMG_0235-300x200.jpg 300w, https:\/\/chateaudebresse.fr\/wp-content\/uploads\/2024\/04\/IMG_0235-768x512.jpg 768w, https:\/\/chateaudebresse.fr\/wp-content\/uploads\/2024\/04\/IMG_0235-1536x1024.jpg 1536w, https:\/\/chateaudebresse.fr\/wp-content\/uploads\/2024\/04\/IMG_0235-2048x1365.jpg 2048w\" sizes=\"auto, (max-width: 706px) 89vw, (max-width: 767px) 82vw, 740px\" \/><figcaption class=\"wp-element-caption\">Chambre Chapelle<\/figcaption><\/figure>\n<\/figure>\n<\/div>\n\n\n\n<h2 class=\"wp-block-heading\"><strong>Chambre Louis XV<\/strong><\/h2>\n\n\n\n<p>Chambre spacieuse avec un lit double surmont\u00e9 d&rsquo;un ciel de lit.<br>Salle de bain dans une tour {baignoire et sanitaires}, parquet avec marqueterie. Belle vue sur le parc et le pigeonnier.<\/p>\n\n\n\n<div class=\"wp-block-group is-vertical is-layout-flex wp-container-core-group-is-layout-8cf370e7 wp-block-group-is-layout-flex\">\n<figure class=\"wp-block-gallery has-nested-images columns-default is-cropped wp-block-gallery-2 is-layout-flex wp-block-gallery-is-layout-flex\">\n<figure class=\"wp-block-image size-large\"><img loading=\"lazy\" decoding=\"async\" width=\"1024\" height=\"683\" data-id=\"305\" src=\"https:\/\/chateaudebresse.fr\/wp-content\/uploads\/2024\/04\/IMG_0229-1024x683.jpg\" alt=\"Chambre Louis XV\" class=\"wp-image-305\" srcset=\"https:\/\/chateaudebresse.fr\/wp-content\/uploads\/2024\/04\/IMG_0229-1024x683.jpg 1024w, https:\/\/chateaudebresse.fr\/wp-content\/uploads\/2024\/04\/IMG_0229-300x200.jpg 300w, https:\/\/chateaudebresse.fr\/wp-content\/uploads\/2024\/04\/IMG_0229-768x512.jpg 768w, https:\/\/chateaudebresse.fr\/wp-content\/uploads\/2024\/04\/IMG_0229-1536x1024.jpg 1536w, https:\/\/chateaudebresse.fr\/wp-content\/uploads\/2024\/04\/IMG_0229-2048x1365.jpg 2048w\" sizes=\"auto, (max-width: 706px) 89vw, (max-width: 767px) 82vw, 740px\" \/><figcaption class=\"wp-element-caption\">Chambre Louis XV<\/figcaption><\/figure>\n<\/figure>\n<\/div>\n\n\n\n<h2 class=\"wp-block-heading\"><strong>Chambre Louis XVI<\/strong><\/h2>\n\n\n\n<p>Grande chambre avec deux lits. Vue sur le parc.<br>Salle d\u2019eau dans une tour avec douche et sanitaires, parquet. Vue sur la chapelle du ch\u00e2teau.<\/p>\n\n\n\n<figure class=\"wp-block-gallery has-nested-images columns-default is-cropped wp-block-gallery-3 is-layout-flex wp-block-gallery-is-layout-flex\">\n<figure class=\"wp-block-image size-large\"><img loading=\"lazy\" decoding=\"async\" width=\"1024\" height=\"683\" data-id=\"309\" src=\"https:\/\/chateaudebresse.fr\/wp-content\/uploads\/2024\/04\/IMG_0233-1024x683.jpg\" alt=\"Chambre Louis XVI\" class=\"wp-image-309\" srcset=\"https:\/\/chateaudebresse.fr\/wp-content\/uploads\/2024\/04\/IMG_0233-1024x683.jpg 1024w, https:\/\/chateaudebresse.fr\/wp-content\/uploads\/2024\/04\/IMG_0233-300x200.jpg 300w, https:\/\/chateaudebresse.fr\/wp-content\/uploads\/2024\/04\/IMG_0233-768x512.jpg 768w, https:\/\/chateaudebresse.fr\/wp-content\/uploads\/2024\/04\/IMG_0233-1536x1024.jpg 1536w, https:\/\/chateaudebresse.fr\/wp-content\/uploads\/2024\/04\/IMG_0233-2048x1365.jpg 2048w\" sizes=\"auto, (max-width: 706px) 89vw, (max-width: 767px) 82vw, 740px\" \/><figcaption class=\"wp-element-caption\">Chambre Louis XVI<\/figcaption><\/figure>\n\n\n\n<figure class=\"wp-block-image size-full\"><img loading=\"lazy\" decoding=\"async\" width=\"157\" height=\"104\" data-id=\"265\" src=\"https:\/\/chateaudebresse.fr\/wp-content\/uploads\/2023\/07\/louisXVI-restemini.jpg\" alt=\"Chambre Louis XVI\" class=\"wp-image-265\"\/><figcaption class=\"wp-element-caption\">Chambre Louis XVI<\/figcaption><\/figure>\n<\/figure>\n\n\n\n<h2 class=\"wp-block-heading\"><strong>Chambre du Pigeonnier<\/strong><\/h2>\n\n\n\n<p>Chambre avec un lit pour deux personnes \u00e0 c\u00f4t\u00e9 de la salle \u00e0 manger.<br>Chambre enfant communiquante pour un ou deux enfants.<br>Salle de bain et sanitaires dans une tour. Vue sur le pigeonnier.<\/p>\n\n\n\n<figure class=\"wp-block-gallery has-nested-images columns-default is-cropped wp-block-gallery-4 is-layout-flex wp-block-gallery-is-layout-flex\">\n<figure class=\"wp-block-image size-full\"><img loading=\"lazy\" decoding=\"async\" width=\"450\" height=\"299\" data-id=\"276\" src=\"https:\/\/chateaudebresse.fr\/wp-content\/uploads\/2023\/07\/pigeonnier-chambremini.jpg\" alt=\"\" class=\"wp-image-276\" srcset=\"https:\/\/chateaudebresse.fr\/wp-content\/uploads\/2023\/07\/pigeonnier-chambremini.jpg 450w, https:\/\/chateaudebresse.fr\/wp-content\/uploads\/2023\/07\/pigeonnier-chambremini-300x199.jpg 300w\" sizes=\"auto, (max-width: 450px) 100vw, 450px\" \/><\/figure>\n\n\n\n<figure class=\"wp-block-image size-full\"><img loading=\"lazy\" decoding=\"async\" width=\"157\" height=\"104\" data-id=\"277\" src=\"https:\/\/chateaudebresse.fr\/wp-content\/uploads\/2023\/07\/pigeonnier-sallebain-1mini.jpg\" alt=\"Salle de bain Pigeonnier\" class=\"wp-image-277\"\/><figcaption class=\"wp-element-caption\">Salle de bain Pigeonnier<\/figcaption><\/figure>\n\n\n\n<figure class=\"wp-block-image size-full\"><img loading=\"lazy\" decoding=\"async\" width=\"157\" height=\"104\" data-id=\"278\" src=\"https:\/\/chateaudebresse.fr\/wp-content\/uploads\/2023\/07\/pigeonnier-sallebain-2mini.jpg\" alt=\"\" class=\"wp-image-278\"\/><\/figure>\n\n\n\n<figure class=\"wp-block-image size-full is-style-default\"><img loading=\"lazy\" decoding=\"async\" width=\"157\" height=\"88\" data-id=\"279\" src=\"https:\/\/chateaudebresse.fr\/wp-content\/uploads\/2023\/07\/pigeonnier-vuemini.jpg\" alt=\"Vue pigeonnier\" class=\"wp-image-279\"\/><figcaption class=\"wp-element-caption\">Vue pigeonnier<\/figcaption><\/figure>\n<\/figure>\n\n\n\n<h2 class=\"wp-block-heading\"><strong>Chambre du Pape<\/strong><\/h2>\n\n\n\n<p>Tr\u00e8s grande chambre, double exposition Nord\/Sud sur le parc et sur la vall\u00e9e de la Grosne.<br>Grand lit double, grande salle de bain avec douche, baignoire et toilettes individuelles s\u00e9par\u00e9es.<\/p>\n\n\n\n<figure class=\"wp-block-gallery has-nested-images columns-default is-cropped wp-block-gallery-5 is-layout-flex wp-block-gallery-is-layout-flex\">\n<figure class=\"wp-block-image size-full\"><img loading=\"lazy\" decoding=\"async\" width=\"157\" height=\"104\" data-id=\"271\" src=\"https:\/\/chateaudebresse.fr\/wp-content\/uploads\/2023\/07\/pape-entree-fenetremini.jpg\" alt=\"Entr\u00e9e chambre du Pape\" class=\"wp-image-271\"\/><\/figure>\n\n\n\n<figure class=\"wp-block-image size-full\"><img loading=\"lazy\" decoding=\"async\" width=\"157\" height=\"104\" data-id=\"274\" src=\"https:\/\/chateaudebresse.fr\/wp-content\/uploads\/2023\/07\/pape-sallebain-fenetremini.jpg\" alt=\"Chambre du Pape 3\" class=\"wp-image-274\"\/><\/figure>\n\n\n\n<figure class=\"wp-block-image size-full\"><img loading=\"lazy\" decoding=\"async\" width=\"157\" height=\"104\" data-id=\"275\" src=\"https:\/\/chateaudebresse.fr\/wp-content\/uploads\/2023\/07\/pape-sallebainmini.jpg\" alt=\"Salle de bain chambre Pape\" class=\"wp-image-275\"\/><\/figure>\n\n\n\n<figure class=\"wp-block-image size-full\"><img loading=\"lazy\" decoding=\"async\" width=\"157\" height=\"104\" data-id=\"273\" src=\"https:\/\/chateaudebresse.fr\/wp-content\/uploads\/2023\/07\/pape-lit-gauchemini.jpg\" alt=\"Chambre du Pape 2\" class=\"wp-image-273\"\/><\/figure>\n\n\n\n<figure class=\"wp-block-image size-full\"><img loading=\"lazy\" decoding=\"async\" width=\"450\" height=\"299\" data-id=\"272\" src=\"https:\/\/chateaudebresse.fr\/wp-content\/uploads\/2023\/07\/pape-lit-droitemini.jpg\" alt=\"Chambre du Pape\" class=\"wp-image-272\" srcset=\"https:\/\/chateaudebresse.fr\/wp-content\/uploads\/2023\/07\/pape-lit-droitemini.jpg 450w, https:\/\/chateaudebresse.fr\/wp-content\/uploads\/2023\/07\/pape-lit-droitemini-300x199.jpg 300w\" sizes=\"auto, (max-width: 450px) 100vw, 450px\" \/><\/figure>\n<\/figure>\n\n\n\n<h2 class=\"wp-block-heading\"><strong>Salle \u00e0 manger<\/strong><\/h2>\n\n\n\n<p>Situ\u00e9e au rez de chauss\u00e9e, grande salle \u00e0 manger familiale o\u00f9 les h\u00f4tes partagent leur petit d\u00e9jeuner, et en arri\u00e8re saison (printemps\/automne) se retrouvent au coin du feu.<\/p>\n\n\n\n<div class=\"wp-block-group\"><div class=\"wp-block-group__inner-container is-layout-constrained wp-block-group-is-layout-constrained\">\n<figure class=\"wp-block-gallery has-nested-images columns-default is-cropped wp-block-gallery-6 is-layout-flex wp-block-gallery-is-layout-flex\">\n<figure class=\"wp-block-image size-large\"><img loading=\"lazy\" decoding=\"async\" width=\"1024\" height=\"683\" data-id=\"314\" src=\"https:\/\/chateaudebresse.fr\/wp-content\/uploads\/2024\/04\/IMG_0236-1024x683.jpg\" alt=\"Salle \u00e0 Manger et raclette\" class=\"wp-image-314\" srcset=\"https:\/\/chateaudebresse.fr\/wp-content\/uploads\/2024\/04\/IMG_0236-1024x683.jpg 1024w, https:\/\/chateaudebresse.fr\/wp-content\/uploads\/2024\/04\/IMG_0236-300x200.jpg 300w, https:\/\/chateaudebresse.fr\/wp-content\/uploads\/2024\/04\/IMG_0236-768x512.jpg 768w, https:\/\/chateaudebresse.fr\/wp-content\/uploads\/2024\/04\/IMG_0236-1536x1024.jpg 1536w, https:\/\/chateaudebresse.fr\/wp-content\/uploads\/2024\/04\/IMG_0236-2048x1365.jpg 2048w\" sizes=\"auto, (max-width: 706px) 89vw, (max-width: 767px) 82vw, 740px\" \/><figcaption class=\"wp-element-caption\">Salle \u00e0 Manger et raclette<\/figcaption><\/figure>\n\n\n\n<figure class=\"wp-block-image size-large\"><img loading=\"lazy\" decoding=\"async\" width=\"683\" height=\"1024\" data-id=\"316\" src=\"https:\/\/chateaudebresse.fr\/wp-content\/uploads\/2024\/04\/IMG_0238-683x1024.jpg\" alt=\"Chemin\u00e9e\" class=\"wp-image-316\" srcset=\"https:\/\/chateaudebresse.fr\/wp-content\/uploads\/2024\/04\/IMG_0238-683x1024.jpg 683w, https:\/\/chateaudebresse.fr\/wp-content\/uploads\/2024\/04\/IMG_0238-200x300.jpg 200w, https:\/\/chateaudebresse.fr\/wp-content\/uploads\/2024\/04\/IMG_0238-768x1152.jpg 768w, https:\/\/chateaudebresse.fr\/wp-content\/uploads\/2024\/04\/IMG_0238-1024x1536.jpg 1024w, https:\/\/chateaudebresse.fr\/wp-content\/uploads\/2024\/04\/IMG_0238-1365x2048.jpg 1365w, https:\/\/chateaudebresse.fr\/wp-content\/uploads\/2024\/04\/IMG_0238-scaled.jpg 1707w\" sizes=\"auto, (max-width: 683px) 100vw, 683px\" \/><\/figure>\n\n\n\n<figure class=\"wp-block-image size-large\"><img loading=\"lazy\" decoding=\"async\" width=\"1024\" height=\"683\" data-id=\"315\" src=\"https:\/\/chateaudebresse.fr\/wp-content\/uploads\/2024\/04\/IMG_0237-1024x683.jpg\" alt=\"Salle \u00e0 manger et chemin\u00e9e\" class=\"wp-image-315\" srcset=\"https:\/\/chateaudebresse.fr\/wp-content\/uploads\/2024\/04\/IMG_0237-1024x683.jpg 1024w, https:\/\/chateaudebresse.fr\/wp-content\/uploads\/2024\/04\/IMG_0237-300x200.jpg 300w, https:\/\/chateaudebresse.fr\/wp-content\/uploads\/2024\/04\/IMG_0237-768x512.jpg 768w, https:\/\/chateaudebresse.fr\/wp-content\/uploads\/2024\/04\/IMG_0237-1536x1024.jpg 1536w, https:\/\/chateaudebresse.fr\/wp-content\/uploads\/2024\/04\/IMG_0237-2048x1365.jpg 2048w\" sizes=\"auto, (max-width: 706px) 89vw, (max-width: 767px) 82vw, 740px\" \/><\/figure>\n<\/figure>\n<\/div><\/div>\n\n\n\n<h2 class=\"wp-block-heading\"><strong>Salle de s\u00e9jour<\/strong><\/h2>\n\n\n\n<p>Une salle de s\u00e9jour avec cuisinette est mise \u00e0 disposition. Attenante au parc, vous pourrez y partager un verre, tout en r\u00e9chauffant votre repas.<\/p>\n","protected":false},"excerpt":{"rendered":"<p>Chambre de la chapelle Grande chambre avec deux lits dans une alc\u00f4ve (lit de 2 m), Vue sur la chapelle du ch\u00e2teau.Salle d\u2019eau avec douche \/ Sanitaires s\u00e9par\u00e9s. Chambre Louis XV Chambre spacieuse avec un lit double surmont\u00e9 d&rsquo;un ciel de lit.Salle de bain dans une tour {baignoire et sanitaires}, parquet avec marqueterie. Belle vue &hellip; <\/p>\n<p class=\"link-more\"><a href=\"https:\/\/chateaudebresse.fr\/index.php\/chambres-dhotes\/\" class=\"more-link\">Continuer la lecture<span class=\"screen-reader-text\"> de &laquo;&nbsp;Chambres d&rsquo;h\u00f4tes&nbsp;&raquo;<\/span><\/a><\/p>\n","protected":false},"author":1,"featured_media":0,"parent":0,"menu_order":0,"comment_status":"closed","ping_status":"closed","template":"","meta":{"footnotes":""},"class_list":["post-60","page","type-page","status-publish","hentry"],"_links":{"self":[{"href":"https:\/\/chateaudebresse.fr\/index.php\/wp-json\/wp\/v2\/pages\/60","targetHints":{"allow":["GET"]}}],"collection":[{"href":"https:\/\/chateaudebresse.fr\/index.php\/wp-json\/wp\/v2\/pages"}],"about":[{"href":"https:\/\/chateaudebresse.fr\/index.php\/wp-json\/wp\/v2\/types\/page"}],"author":[{"embeddable":true,"href":"https:\/\/chateaudebresse.fr\/index.php\/wp-json\/wp\/v2\/users\/1"}],"replies":[{"embeddable":true,"href":"https:\/\/chateaudebresse.fr\/index.php\/wp-json\/wp\/v2\/comments?post=60"}],"version-history":[{"count":8,"href":"https:\/\/chateaudebresse.fr\/index.php\/wp-json\/wp\/v2\/pages\/60\/revisions"}],"predecessor-version":[{"id":319,"href":"https:\/\/chateaudebresse.fr\/index.php\/wp-json\/wp\/v2\/pages\/60\/revisions\/319"}],"wp:attachment":[{"href":"https:\/\/chateaudebresse.fr\/index.php\/wp-json\/wp\/v2\/media?parent=60"}],"curies":[{"name":"wp","href":"https:\/\/api.w.org\/{rel}","templated":true}]}}